{"id":8623,"date":"2019-07-30T13:18:15","date_gmt":"2019-07-30T13:18:15","guid":{"rendered":"https:\/\/www.orthograph.com\/news\/"},"modified":"2023-09-15T15:24:56","modified_gmt":"2023-09-15T15:24:56","slug":"news","status":"publish","type":"page","link":"https:\/\/www.orthograph.com\/hu\/news\/","title":{"rendered":"H\u00edrek"},"content":{"rendered":"<p>[et_pb_section fb_built=&#8221;1&#8243; _builder_version=&#8221;4.16&#8243; background_color=&#8221;#efefef&#8221; background_image=&#8221;https:\/\/www.orthograph.com\/wp-content\/uploads\/2021\/05\/bckgrnd_grad.jpg&#8221; z_index=&#8221;0&#8243; custom_margin=&#8221;||0px||false|false&#8221; custom_padding=&#8221;||0px||false|false&#8221; global_colors_info=&#8221;{}&#8221;][et_pb_row _builder_version=&#8221;4.16&#8243; custom_margin=&#8221;0px||0px||false|false&#8221; custom_padding=&#8221;0px||20px||false|false&#8221; global_colors_info=&#8221;{}&#8221;][et_pb_column type=&#8221;4_4&#8243; _builder_version=&#8221;4.16&#8243; custom_padding=&#8221;|||&#8221; global_colors_info=&#8221;{}&#8221; custom_padding__hover=&#8221;|||&#8221;][et_pb_text _builder_version=&#8221;4.16&#8243; header_font=&#8221;Titillium Web||||||||&#8221; custom_margin=&#8221;||0px&#8221; custom_padding=&#8221;||20px||false|false&#8221; global_colors_info=&#8221;{}&#8221;]<\/p>\n<h1 style=\"text-align: center; color: #efefef;\">Orthograph <strong><span style=\"color: #efefef; color: #f0be49;\">H\u00edrek<\/span><\/strong><\/h1>\n<p>[\/et_pb_text][et_pb_image src=&#8221;https:\/\/www.orthograph.com\/wp-content\/uploads\/2021\/05\/info.png&#8221; _builder_version=&#8221;4.16&#8243; width=&#8221;60%&#8221; max_width=&#8221;130px&#8221; module_alignment=&#8221;center&#8221; custom_margin=&#8221;0px||0px||false|false&#8221; custom_padding=&#8221;0px||0px||false|false&#8221; global_colors_info=&#8221;{}&#8221;][\/et_pb_image][\/et_pb_column][\/et_pb_row][\/et_pb_section][et_pb_section fb_built=&#8221;1&#8243; _builder_version=&#8221;4.16&#8243; background_color=&#8221;#ffffff&#8221; global_colors_info=&#8221;{}&#8221;][et_pb_row _builder_version=&#8221;4.16&#8243; custom_margin=&#8221;0px||&#8221; custom_padding=&#8221;0px||&#8221; global_colors_info=&#8221;{}&#8221;][et_pb_column type=&#8221;4_4&#8243; _builder_version=&#8221;4.16&#8243; custom_padding=&#8221;|||&#8221; global_colors_info=&#8221;{}&#8221; custom_padding__hover=&#8221;|||&#8221;][et_pb_blog meta_date=&#8221;Y.m.d.&#8221; show_more=&#8221;on&#8221; show_author=&#8221;off&#8221; show_categories=&#8221;off&#8221; _builder_version=&#8221;4.22.1&#8243; header_font=&#8221;||||||||&#8221; header_text_align=&#8221;center&#8221; header_font_size=&#8221;28px&#8221; header_line_height=&#8221;2em&#8221; body_font=&#8221;||||||||&#8221; body_text_align=&#8221;center&#8221; read_more_font=&#8221;Titillium Web|700|||||||&#8221; read_more_text_color=&#8221;#5c4994&#8243; read_more_font_size=&#8221;20px&#8221; read_more_line_height=&#8221;2em&#8221; max_width=&#8221;1024px&#8221; module_alignment=&#8221;center&#8221; custom_margin=&#8221;||&#8221; hover_enabled=&#8221;0&#8243; global_colors_info=&#8221;{}&#8221; include_categories=&#8221;3&#8243; sticky_enabled=&#8221;0&#8243;][\/et_pb_blog][\/et_pb_column][\/et_pb_row][\/et_pb_section][et_pb_section fb_built=&#8221;1&#8243; _builder_version=&#8221;4.16&#8243; background_color=&#8221;#272e38&#8243; use_background_color_gradient=&#8221;on&#8221; background_color_gradient_direction=&#8221;-160deg&#8221; background_color_gradient_stops=&#8221;#111221 0%|#272e38 100%&#8221; background_color_gradient_start=&#8221;#111221&#8243; background_color_gradient_end=&#8221;#272e38&#8243; background_size=&#8221;contain&#8221; background_position=&#8221;bottom_left&#8221; z_index=&#8221;0&#8243; custom_margin=&#8221;0px|0px|0px|0px&#8221; custom_padding=&#8221;0px|0px|100px|0px&#8221; top_divider_height=&#8221;0px&#8221; saved_tabs=&#8221;all&#8221; global_colors_info=&#8221;{}&#8221;][et_pb_row _builder_version=&#8221;4.16&#8243; max_width=&#8221;2560px&#8221; global_colors_info=&#8221;{}&#8221;][et_pb_column type=&#8221;4_4&#8243; _builder_version=&#8221;4.16&#8243; custom_padding=&#8221;|||&#8221; global_colors_info=&#8221;{}&#8221; custom_padding__hover=&#8221;|||&#8221;][et_pb_text _builder_version=&#8221;4.16&#8243; custom_margin=&#8221;50px|||0px&#8221; inline_fonts=&#8221;Titillium Web&#8221; global_colors_info=&#8221;{}&#8221;]<\/p>\n<h3 style=\"text-align: left;\"><a id=\"contactanchor\"><\/a><span style=\"color: #ffffff;\">L\u00e9pjen vel\u00fcnk kapcsolatba<\/span><\/h3>\n<p>[\/et_pb_text][\/et_pb_column][\/et_pb_row][et_pb_row column_structure=&#8221;2_5,3_5&#8243; _builder_version=&#8221;4.16&#8243; max_width=&#8221;2560px&#8221; global_colors_info=&#8221;{}&#8221;][et_pb_column type=&#8221;2_5&#8243; _builder_version=&#8221;4.16&#8243; custom_padding=&#8221;|||&#8221; global_colors_info=&#8221;{}&#8221; custom_padding__hover=&#8221;|||&#8221;][et_pb_contact_form use_spam_service=&#8221;on&#8221; recaptcha_list=&#8221;OrthoGraph Enterprise-0&#8243; recaptcha_min_score=&#8221;0.7&#8243; email=&#8221;info@orthograph.com&#8221; custom_message=&#8221;\u00daj \u00fczenet t\u0151le: ||et_pb_line_break_holder||%%email%% &#8211; %%name%%||et_pb_line_break_holder||||et_pb_line_break_holder||Message:||et_pb_line_break_holder||%%message%%&#8221; success_message=&#8221;K\u00f6sz\u00f6nj\u00fck, hogy felvette vel\u00fcnk a kapcsolatot.&#8221; submit_button_text=&#8221;K\u00fcld\u00e9s&#8221; module_id=&#8221;et_pb_contact_form_0&#8243; _builder_version=&#8221;4.16&#8243; _unique_id=&#8221;0979fadb-70e7-4a3d-a191-ae3239ada05d&#8221; form_field_background_color=&#8221;#e09900&#8243; title_font=&#8221;||||||||&#8221; title_text_color=&#8221;#ffffff&#8221; captcha_font=&#8221;Titillium Web||||||||&#8221; captcha_text_color=&#8221;#ffffff&#8221; captcha_font_size=&#8221;18px&#8221; form_field_font=&#8221;Titillium Web||||||||&#8221; background_color=&#8221;rgba(0,0,0,0)&#8221; custom_button=&#8221;on&#8221; button_text_size=&#8221;18px&#8221; button_text_color=&#8221;#ffffff&#8221; button_bg_color=&#8221;#5c4994&#8243; button_border_width=&#8221;0px&#8221; button_border_radius=&#8221;10px&#8221; button_font=&#8221;Titillium Web||||||||&#8221; button_icon_placement=&#8221;left&#8221; button_custom_margin=&#8221;5px||&#8221; button_custom_padding=&#8221;5px||&#8221; custom_margin=&#8221;|||&#8221; custom_padding=&#8221;|||&#8221; custom_css_main_element=&#8221; padding-bottom: 30px;&#8221; border_radii=&#8221;on|10px|10px|10px|10px&#8221; border_color_bottom=&#8221;#5c4994&#8243; global_colors_info=&#8221;{}&#8221;][et_pb_contact_field field_id=&#8221;Name&#8221; field_title=&#8221;N\u00e9v&#8221; fullwidth_field=&#8221;on&#8221; _builder_version=&#8221;4.16&#8243; form_field_background_color=&#8221;#b4b5b9&#8243; form_field_text_color=&#8221;#111221&#8243; form_field_font=&#8221;Titillium Web|700|||||||&#8221; background_color=&#8221;rgba(0,0,0,0)&#8221; background_enable_color=&#8221;on&#8221; border_radii=&#8221;on|10px|10px|10px|10px&#8221; global_colors_info=&#8221;{}&#8221; button_text_size__hover_enabled=&#8221;off&#8221; button_one_text_size__hover_enabled=&#8221;off&#8221; button_two_text_size__hover_enabled=&#8221;off&#8221; button_text_color__hover_enabled=&#8221;off&#8221; button_one_text_color__hover_enabled=&#8221;off&#8221; button_two_text_color__hover_enabled=&#8221;off&#8221; button_border_width__hover_enabled=&#8221;off&#8221; button_one_border_width__hover_enabled=&#8221;off&#8221; button_two_border_width__hover_enabled=&#8221;off&#8221; button_border_color__hover_enabled=&#8221;off&#8221; button_one_border_color__hover_enabled=&#8221;off&#8221; button_two_border_color__hover_enabled=&#8221;off&#8221; button_border_radius__hover_enabled=&#8221;off&#8221; button_one_border_radius__hover_enabled=&#8221;off&#8221; button_two_border_radius__hover_enabled=&#8221;off&#8221; button_letter_spacing__hover_enabled=&#8221;off&#8221; button_one_letter_spacing__hover_enabled=&#8221;off&#8221; button_two_letter_spacing__hover_enabled=&#8221;off&#8221; button_bg_color__hover_enabled=&#8221;off&#8221; button_one_bg_color__hover_enabled=&#8221;off&#8221; button_two_bg_color__hover_enabled=&#8221;off&#8221;][\/et_pb_contact_field][et_pb_contact_field field_id=&#8221;Email&#8221; field_title=&#8221;e-mail&#8221; field_type=&#8221;email&#8221; fullwidth_field=&#8221;on&#8221; _builder_version=&#8221;4.16&#8243; form_field_background_color=&#8221;#b4b5b9&#8243; form_field_text_color=&#8221;#111221&#8243; form_field_font=&#8221;Titillium Web|700|||||||&#8221; global_colors_info=&#8221;{}&#8221; button_text_size__hover_enabled=&#8221;off&#8221; button_one_text_size__hover_enabled=&#8221;off&#8221; button_two_text_size__hover_enabled=&#8221;off&#8221; button_text_color__hover_enabled=&#8221;off&#8221; button_one_text_color__hover_enabled=&#8221;off&#8221; button_two_text_color__hover_enabled=&#8221;off&#8221; button_border_width__hover_enabled=&#8221;off&#8221; button_one_border_width__hover_enabled=&#8221;off&#8221; button_two_border_width__hover_enabled=&#8221;off&#8221; button_border_color__hover_enabled=&#8221;off&#8221; button_one_border_color__hover_enabled=&#8221;off&#8221; button_two_border_color__hover_enabled=&#8221;off&#8221; button_border_radius__hover_enabled=&#8221;off&#8221; button_one_border_radius__hover_enabled=&#8221;off&#8221; button_two_border_radius__hover_enabled=&#8221;off&#8221; button_letter_spacing__hover_enabled=&#8221;off&#8221; button_one_letter_spacing__hover_enabled=&#8221;off&#8221; button_two_letter_spacing__hover_enabled=&#8221;off&#8221; button_bg_color__hover_enabled=&#8221;off&#8221; button_one_bg_color__hover_enabled=&#8221;off&#8221; button_two_bg_color__hover_enabled=&#8221;off&#8221;][\/et_pb_contact_field][et_pb_contact_field field_id=&#8221;Message&#8221; field_title=&#8221;\u00cdrja be az \u00fczenet\u00e9t&#8230;&#8221; field_type=&#8221;text&#8221; fullwidth_field=&#8221;on&#8221; _builder_version=&#8221;4.16&#8243; form_field_background_color=&#8221;#b4b5b9&#8243; form_field_text_color=&#8221;#111221&#8243; form_field_font=&#8221;Titillium Web|700|||||||&#8221; global_colors_info=&#8221;{}&#8221; button_text_size__hover_enabled=&#8221;off&#8221; button_one_text_size__hover_enabled=&#8221;off&#8221; button_two_text_size__hover_enabled=&#8221;off&#8221; button_text_color__hover_enabled=&#8221;off&#8221; button_one_text_color__hover_enabled=&#8221;off&#8221; button_two_text_color__hover_enabled=&#8221;off&#8221; button_border_width__hover_enabled=&#8221;off&#8221; button_one_border_width__hover_enabled=&#8221;off&#8221; button_two_border_width__hover_enabled=&#8221;off&#8221; button_border_color__hover_enabled=&#8221;off&#8221; button_one_border_color__hover_enabled=&#8221;off&#8221; button_two_border_color__hover_enabled=&#8221;off&#8221; button_border_radius__hover_enabled=&#8221;off&#8221; button_one_border_radius__hover_enabled=&#8221;off&#8221; button_two_border_radius__hover_enabled=&#8221;off&#8221; button_letter_spacing__hover_enabled=&#8221;off&#8221; button_one_letter_spacing__hover_enabled=&#8221;off&#8221; button_two_letter_spacing__hover_enabled=&#8221;off&#8221; button_bg_color__hover_enabled=&#8221;off&#8221; button_one_bg_color__hover_enabled=&#8221;off&#8221; button_two_bg_color__hover_enabled=&#8221;off&#8221;][\/et_pb_contact_field][\/et_pb_contact_form][et_pb_button button_url=&#8221;http:\/\/www.orthograph.com\/newsletter\/?p=subscribe&#038;id=1&#8243; url_new_window=&#8221;on&#8221; button_text=&#8221;Feliratkoz\u00e1s&#8221; _builder_version=&#8221;4.16&#8243; custom_button=&#8221;on&#8221; button_text_color=&#8221;#ffffff&#8221; button_bg_color=&#8221;#5c4994&#8243; button_border_width=&#8221;0px&#8221; button_border_radius=&#8221;10px&#8221; button_font=&#8221;||||||||&#8221; background_layout=&#8221;dark&#8221; custom_css_main_element=&#8221;float: left !important; width: auto !important; margin: 0 !important; margin-right: 5px !important;&#8221; global_colors_info=&#8221;{}&#8221;][\/et_pb_button][et_pb_text _builder_version=&#8221;4.16&#8243; custom_margin=&#8221;0px||0px&#8221; custom_padding=&#8221;0px||0px&#8221; custom_css_main_element=&#8221;float: left !important; width: auto !important; margin: 0 !important; padding-top: 14px !important; padding-left: 2px !important;&#8221; global_colors_info=&#8221;{}&#8221;]<\/p>\n<h2 style=\"color: white; font-size: 20px;\"> a h\u00edrlevel\u00fcnkre<\/h2>\n<p>[\/et_pb_text][\/et_pb_column][et_pb_column type=&#8221;3_5&#8243; _builder_version=&#8221;4.16&#8243; custom_padding=&#8221;|||&#8221; global_colors_info=&#8221;{}&#8221; custom_padding__hover=&#8221;|||&#8221;][et_pb_map address=&#8221;Pilisszentl\u00e1szl\u00f3, Honv\u00e9d u. 49, 2009 Hungary&#8221; address_lat=&#8221;47.729315&#8243; address_lng=&#8221;18.989397&#8243; use_grayscale_filter=&#8221;on&#8221; grayscale_filter_amount=&#8221;35px&#8221; _builder_version=&#8221;4.16&#8243; background_color=&#8221;#22304d&#8221; min_height=&#8221;430px&#8221; height=&#8221;100%&#8221; filter_hue_rotate=&#8221;300deg&#8221; child_filter_hue_rotate=&#8221;176deg&#8221; global_colors_info=&#8221;{}&#8221;][et_pb_map_pin title=&#8221;OrthoGraph&#8221; pin_address=&#8221;Budapest, Polg\u00e1r u. 8, 1033 Hungary&#8221; pin_address_lat=&#8221;47.5413089&#8243; pin_address_lng=&#8221;19.0431632&#8243; _builder_version=&#8221;3.24.1&#8243; global_colors_info=&#8221;{}&#8221;][\/et_pb_map_pin][\/et_pb_map][\/et_pb_column][\/et_pb_row][et_pb_row column_structure=&#8221;1_5,1_5,1_5,1_5,1_5&#8243; _builder_version=&#8221;4.16&#8243; max_width=&#8221;2560px&#8221; border_width_top=&#8221;2px&#8221; border_color_top=&#8221;#5c4994&#8243; global_colors_info=&#8221;{}&#8221;][et_pb_column type=&#8221;1_5&#8243; _builder_version=&#8221;4.16&#8243; custom_padding=&#8221;|||&#8221; global_colors_info=&#8221;{}&#8221; custom_padding__hover=&#8221;|||&#8221;][et_pb_image src=&#8221;https:\/\/enterprise.orthograph.net\/wp-content\/uploads\/2019\/06\/og_enterprise_logo.png&#8221; _builder_version=&#8221;4.16&#8243; global_colors_info=&#8221;{}&#8221;][\/et_pb_image][\/et_pb_column][et_pb_column type=&#8221;1_5&#8243; _builder_version=&#8221;4.16&#8243; custom_padding=&#8221;|||&#8221; global_colors_info=&#8221;{}&#8221; custom_padding__hover=&#8221;|||&#8221;][\/et_pb_column][et_pb_column type=&#8221;1_5&#8243; _builder_version=&#8221;4.16&#8243; custom_padding=&#8221;|||&#8221; global_colors_info=&#8221;{}&#8221; custom_padding__hover=&#8221;|||&#8221;][et_pb_text _builder_version=&#8221;4.16&#8243; custom_margin=&#8221;0px|0px|0px|0px&#8221; custom_padding=&#8221;0px|0px|0px|0px&#8221; link_option_url=&#8221;https:\/\/www.youtube.com\/channel\/UCMWw23Mb8a8aAjpeiMNOmHA&#8221; global_colors_info=&#8221;{}&#8221;]<\/p>\n<p style=\"font-size: 20px; color: #ffffff; font-family: 'Titillium Web',Helvetica, Arial, Lucida, sans-serif; text-align: left;\">L\u00e9pjen vel\u00fcnk kapcsolatba<\/p>\n<p>[\/et_pb_text][et_pb_button button_url=&#8221;https:\/\/www.youtube.com\/channel\/UCMWw23Mb8a8aAjpeiMNOmHA&#8221; button_text=&#8221;YouTube&#8221; button_alignment=&#8221;left&#8221; _builder_version=&#8221;4.16&#8243; custom_button=&#8221;on&#8221; button_text_size=&#8221;16px&#8221; button_text_color=&#8221;#ffffff&#8221; button_border_width=&#8221;0px&#8221; button_border_radius=&#8221;0px&#8221; button_font=&#8221;Titillium Web||||||||&#8221; button_icon=&#8221;&#xe0a3;||divi||400&#8243; button_icon_placement=&#8221;left&#8221; button_on_hover=&#8221;off&#8221; custom_margin=&#8221;5px|0px|5px|20px&#8221; custom_padding=&#8221;0px|0px|0px|0px&#8221; button_icon_tablet=&#8221;&#8221; button_icon_phone=&#8221;&#8221; button_icon_last_edited=&#8221;on|desktop&#8221; global_colors_info=&#8221;{}&#8221;][\/et_pb_button][et_pb_button button_url=&#8221;https:\/\/twitter.com\/orthograph&#8221; button_text=&#8221;twitter&#8221; button_alignment=&#8221;left&#8221; _builder_version=&#8221;4.16&#8243; custom_button=&#8221;on&#8221; button_text_size=&#8221;16px&#8221; button_text_color=&#8221;#ffffff&#8221; button_border_width=&#8221;0px&#8221; button_border_radius=&#8221;0px&#8221; button_font=&#8221;Titillium Web||||||||&#8221; button_icon=&#8221;&#xe094;||divi||400&#8243; button_icon_placement=&#8221;left&#8221; button_on_hover=&#8221;off&#8221; custom_margin=&#8221;5px|0px|5px|20px&#8221; custom_padding=&#8221;0px|0px|0px|0px&#8221; button_icon_tablet=&#8221;&#8221; button_icon_phone=&#8221;&#8221; button_icon_last_edited=&#8221;on|desktop&#8221; global_colors_info=&#8221;{}&#8221;][\/et_pb_button][et_pb_button button_url=&#8221;https:\/\/www.facebook.com\/OrthoGraphSoftware\/&#8221; button_text=&#8221;facebook&#8221; button_alignment=&#8221;left&#8221; _builder_version=&#8221;4.16&#8243; custom_button=&#8221;on&#8221; button_text_size=&#8221;16px&#8221; button_text_color=&#8221;#ffffff&#8221; button_border_width=&#8221;0px&#8221; button_border_radius=&#8221;0px&#8221; button_font=&#8221;Titillium Web||||||||&#8221; button_icon=&#8221;&#xe093;||divi||400&#8243; button_icon_placement=&#8221;left&#8221; button_on_hover=&#8221;off&#8221; custom_margin=&#8221;5px|0px|5px|20px&#8221; custom_padding=&#8221;0px|0px|0px|0px&#8221; button_icon_tablet=&#8221;&#8221; button_icon_phone=&#8221;&#8221; button_icon_last_edited=&#8221;on|desktop&#8221; global_colors_info=&#8221;{}&#8221;][\/et_pb_button][et_pb_button button_url=&#8221;https:\/\/www.linkedin.com\/company\/orthograph-ltd-&#8221; button_text=&#8221;linkedin&#8221; button_alignment=&#8221;left&#8221; _builder_version=&#8221;4.16&#8243; custom_button=&#8221;on&#8221; button_text_size=&#8221;16px&#8221; button_text_color=&#8221;#ffffff&#8221; button_border_width=&#8221;0px&#8221; button_border_radius=&#8221;0px&#8221; button_font=&#8221;Titillium Web||||||||&#8221; button_icon=&#8221;&#xe09d;||divi||400&#8243; button_icon_placement=&#8221;left&#8221; button_on_hover=&#8221;off&#8221; custom_margin=&#8221;5px|0px|5px|20px&#8221; custom_padding=&#8221;0px|0px|0px|0px&#8221; button_icon_tablet=&#8221;&#8221; button_icon_phone=&#8221;&#8221; button_icon_last_edited=&#8221;on|desktop&#8221; global_colors_info=&#8221;{}&#8221;][\/et_pb_button][\/et_pb_column][et_pb_column type=&#8221;1_5&#8243; _builder_version=&#8221;4.16&#8243; custom_padding=&#8221;|||&#8221; global_colors_info=&#8221;{}&#8221; custom_padding__hover=&#8221;|||&#8221;][et_pb_text _builder_version=&#8221;4.16&#8243; custom_margin=&#8221;0px|0px|10px|0px&#8221; custom_padding=&#8221;0px|0px|0px|0px&#8221; global_colors_info=&#8221;{}&#8221;]<\/p>\n<p style=\"font-size: 20px; color: #ffffff; font-family: 'Titillium Web',Helvetica, Arial, Lucida, sans-serif; text-align: left;\">L\u00e9pjen vel\u00fcnk kapcsolatba<\/p>\n<p>[\/et_pb_text][et_pb_text _builder_version=&#8221;4.16&#8243; custom_margin=&#8221;10px|0px|10px|0px&#8221; custom_padding=&#8221;0px|0px|0px|0px&#8221; global_colors_info=&#8221;{}&#8221;]<\/p>\n<p style=\"font-size: 16px; color: #ffffff; font-family: 'Titillium Web',Helvetica, Arial, Lucida, sans-serif; text-align: left;\">Honv\u00e9d utca 49.,<br \/>\nPilisszentl\u00e1szl\u00f3<br \/>\nHungary<br \/>\n2009<\/p>\n<p>[\/et_pb_text][et_pb_text _builder_version=&#8221;4.16&#8243; custom_margin=&#8221;10px|0px|10px|0px&#8221; custom_padding=&#8221;0px|0px|0px|0px&#8221; global_colors_info=&#8221;{}&#8221;]<\/p>\n<p style=\"font-size: 16px; color: #ffffff; font-family: 'Titillium Web',Helvetica, Arial, Lucida, sans-serif; text-align: left;\">(+36 1) 999 0122<\/p>\n<p>[\/et_pb_text][et_pb_text _builder_version=&#8221;4.16&#8243; custom_margin=&#8221;10px|0px|10px|0px&#8221; custom_padding=&#8221;0px|0px|0px|0px&#8221; global_colors_info=&#8221;{}&#8221;]<\/p>\n<p style=\"font-size: 16px; color: #ffffff; font-family: 'Titillium Web',Helvetica, Arial, Lucida, sans-serif; text-align: left;\"><a style=\"color: white !important;\" href=\"mailto:info@orthograph.hu\">info@orthograph.hu<\/a><a><\/a><\/p>\n<p>[\/et_pb_text][\/et_pb_column][et_pb_column type=&#8221;1_5&#8243; _builder_version=&#8221;4.16&#8243; custom_padding=&#8221;|||&#8221; global_colors_info=&#8221;{}&#8221; custom_padding__hover=&#8221;|||&#8221;][et_pb_text _builder_version=&#8221;4.16&#8243; custom_margin=&#8221;0px|0px|10px|0px&#8221; custom_padding=&#8221;0px|0px|0px|0px&#8221; global_colors_info=&#8221;{}&#8221;]<\/p>\n<p style=\"font-size: 20px; color: #ffffff; font-family: 'Titillium Web',Helvetica, Arial, Lucida, sans-serif; text-align: left;\">Tov\u00e1bbi oldalak<\/p>\n<p>[\/et_pb_text][et_pb_text _builder_version=&#8221;4.16&#8243; custom_margin=&#8221;0px|0px|8px|0px&#8221; custom_padding=&#8221;0px|0px|0px|0px&#8221; global_colors_info=&#8221;{}&#8221;]<\/p>\n<p style=\"font-size: 16px; color: #ffffff; font-family: 'Titillium Web',Helvetica, Arial, Lucida, sans-serif; text-align: left;\">K\u00e9pz\u00e9s<\/p>\n<p>[\/et_pb_text][et_pb_text _builder_version=&#8221;4.16&#8243; custom_margin=&#8221;0px|0px|8px|0px&#8221; custom_padding=&#8221;0px|0px|0px|0px&#8221; global_colors_info=&#8221;{}&#8221;]<\/p>\n<p style=\"font-size: 16px; color: #ffffff; font-family: 'Titillium Web',Helvetica, Arial, Lucida, sans-serif; text-align: left;\">Gyors felm\u00e9r\u00e9si koncepci\u00f3<\/p>\n<p>[\/et_pb_text][et_pb_text _builder_version=&#8221;4.16&#8243; custom_margin=&#8221;0px|0px|8px|0px&#8221; custom_padding=&#8221;0px|0px|0px|0px&#8221; global_colors_info=&#8221;{}&#8221;]<\/p>\n<p style=\"font-size: 16px; color: #ffffff; font-family: 'Titillium Web',Helvetica, Arial, Lucida, sans-serif; text-align: left;\">OrthoGraph az ingatlan fejleszt\u00e9sben<\/p>\n<p>[\/et_pb_text][et_pb_text _builder_version=&#8221;4.16&#8243; custom_margin=&#8221;0px|0px|7px|0px&#8221; custom_padding=&#8221;0px|0px|0px|0px&#8221; global_colors_info=&#8221;{}&#8221;]<\/p>\n<p style=\"font-size: 16px; color: #ffffff; font-family: 'Titillium Web',Helvetica, Arial, Lucida, sans-serif; text-align: left;\">T\u00f6rt\u00e9nelmi \u00e9p\u00fcletek felm\u00e9r\u00e9se<\/p>\n<p>[\/et_pb_text][\/et_pb_column][\/et_pb_row][\/et_pb_section]<\/p>\n","protected":false},"excerpt":{"rendered":"<p>Orthograph H\u00edrekL\u00e9pjen vel\u00fcnk kapcsolatba a h\u00edrlevel\u00fcnkreL\u00e9pjen vel\u00fcnk kapcsolatbaL\u00e9pjen vel\u00fcnk kapcsolatbaHonv\u00e9d utca 49., Pilisszentl\u00e1szl\u00f3 Hungary 2009(+36 1) 999 0122info@orthograph.huTov\u00e1bbi oldalakK\u00e9pz\u00e9sGyors felm\u00e9r\u00e9si koncepci\u00f3OrthoGraph az ingatlan fejleszt\u00e9sbenT\u00f6rt\u00e9nelmi \u00e9p\u00fcletek felm\u00e9r\u00e9se<\/p>\n","protected":false},"author":3,"featured_media":0,"parent":0,"menu_order":0,"comment_status":"closed","ping_status":"closed","template":"","meta":{"_et_pb_use_builder":"on","_et_pb_old_content":"","_et_gb_content_width":"","footnotes":""},"class_list":["post-8623","page","type-page","status-publish","hentry"],"aioseo_notices":[],"_links":{"self":[{"href":"https:\/\/www.orthograph.com\/hu\/wp-json\/wp\/v2\/pages\/8623","targetHints":{"allow":["GET"]}}],"collection":[{"href":"https:\/\/www.orthograph.com\/hu\/wp-json\/wp\/v2\/pages"}],"about":[{"href":"https:\/\/www.orthograph.com\/hu\/wp-json\/wp\/v2\/types\/page"}],"author":[{"embeddable":true,"href":"https:\/\/www.orthograph.com\/hu\/wp-json\/wp\/v2\/users\/3"}],"replies":[{"embeddable":true,"href":"https:\/\/www.orthograph.com\/hu\/wp-json\/wp\/v2\/comments?post=8623"}],"version-history":[{"count":0,"href":"https:\/\/www.orthograph.com\/hu\/wp-json\/wp\/v2\/pages\/8623\/revisions"}],"wp:attachment":[{"href":"https:\/\/www.orthograph.com\/hu\/wp-json\/wp\/v2\/media?parent=8623"}],"curies":[{"name":"wp","href":"https:\/\/api.w.org\/{rel}","templated":true}]}}