{"id":6827,"date":"2020-02-25T13:36:47","date_gmt":"2020-02-25T13:36:47","guid":{"rendered":"https:\/\/www.orthograph.com\/meghibasodas-kezeles\/"},"modified":"2020-02-25T13:36:48","modified_gmt":"2020-02-25T13:36:48","slug":"meghibasodas-kezeles","status":"publish","type":"page","link":"https:\/\/www.orthograph.com\/hu\/meghibasodas-kezeles\/","title":{"rendered":"meghib\u00e1sodas-kezeles"},"content":{"rendered":"<p>[et_pb_section fb_built=&#8221;1&#8243; _builder_version=&#8221;4.0.11&#8243; background_color=&#8221;#ffffff&#8221; background_position=&#8221;bottom_left&#8221; custom_margin=&#8221;||0px&#8221; custom_padding=&#8221;||0px&#8221; animation_direction=&#8221;top&#8221; z_index=&#8221;0&#8243; hover_enabled=&#8221;0&#8243; background_image=&#8221;https:\/\/www.orthograph.com\/wp-content\/uploads\/2019\/06\/bckgrnd_gray-1.jpg&#8221;][et_pb_row _builder_version=&#8221;3.25&#8243; custom_margin=&#8221;||0px&#8221; custom_padding=&#8221;||0px&#8221;][et_pb_column type=&#8221;4_4&#8243; _builder_version=&#8221;3.25&#8243; custom_padding=&#8221;|||&#8221; custom_padding__hover=&#8221;|||&#8221;][et_pb_text _builder_version=&#8221;3.27.4&#8243; header_font=&#8221;Titillium Web||||||||&#8221; custom_margin=&#8221;||0px&#8221; custom_padding=&#8221;||30px&#8221;]<\/p>\n<h1 style=\"text-align: center;\">Meghib\u00e1sod\u00e1s kezel\u00e9s<\/h1>\n<p>[\/et_pb_text][\/et_pb_column][\/et_pb_row][et_pb_row _builder_version=&#8221;3.25&#8243; custom_margin=&#8221;0px||0px&#8221; custom_padding=&#8221;0px||0px&#8221;][et_pb_column type=&#8221;4_4&#8243; _builder_version=&#8221;3.25&#8243; custom_padding=&#8221;|||&#8221; custom_padding__hover=&#8221;|||&#8221;][et_pb_text _builder_version=&#8221;3.27.4&#8243; max_width=&#8221;650px&#8221; module_alignment=&#8221;center&#8221; custom_margin=&#8221;0px||0px&#8221; custom_padding=&#8221;20px||20px&#8221;]<\/p>\n<p style=\"text-align: justify;\">Egy grafikus BIM modell \u00e9rt\u00e9k mind az \u00e9p\u00fclet tulajdonos\u00e1nak, mind az \u00fczemeltet\u0151j\u00e9nek, r\u00e1ad\u00e1sul a b\u00e9rbead\u00f3 sz\u00e1m\u00e1ra versenyel\u0151nyt jelentenek az \u00e1ltala el\u00e9rhet\u0151 b\u00e9rl\u0151k fel\u00e9 ny\u00fajtott szolg\u00e1ltat\u00e1sok.<\/p>\n<p>[\/et_pb_text][\/et_pb_column][\/et_pb_row][et_pb_row _builder_version=&#8221;3.25&#8243; custom_margin=&#8221;0px||0px&#8221; custom_padding=&#8221;0px||0px&#8221;][et_pb_column type=&#8221;4_4&#8243; _builder_version=&#8221;3.25&#8243; custom_padding=&#8221;|||&#8221; custom_padding__hover=&#8221;|||&#8221;][et_pb_text _builder_version=&#8221;3.27.4&#8243; max_width=&#8221;650px&#8221; module_alignment=&#8221;center&#8221; custom_margin=&#8221;0px||0px&#8221; custom_padding=&#8221;20px||20px&#8221;]<\/p>\n<p style=\"text-align: justify;\">Az OrthoGraph Public Viewer egy olyan web funkcionalit\u00e1s, aminek seg\u00edts\u00e9g\u00e9vel b\u00e1rki megtekintheti az OrthoGraph 3D BIM modellt, \u00e9s egy kattint\u00e1ssal elind\u00edthat egy, az \u00fczemeltet\u0151 \u00e1ltal meghat\u00e1rozott funkci\u00f3t. Ez az ind\u00edt\u00e1s gyakorlatilag egy h\u00edv\u00e1s egy integr\u00e1lt k\u00fcls\u0151 rendszerbe, ami az \u00e9p\u00fcletadatok alapj\u00e1n ind\u00edtja el a relev\u00e1ns munkafolyamatot.<\/p>\n<p style=\"text-align: justify;\">[\/et_pb_text][\/et_pb_column][\/et_pb_row][\/et_pb_section][et_pb_section fb_built=&#8221;1&#8243; _builder_version=&#8221;3.24.1&#8243; background_color=&#8221;#efefef&#8221; background_position=&#8221;top_left&#8221; background_blend=&#8221;color-burn&#8221; custom_margin=&#8221;0px||0px&#8221; custom_padding=&#8221;0px||0px&#8221; animation_direction=&#8221;top&#8221; z_index=&#8221;0&#8243;][et_pb_row _builder_version=&#8221;3.25&#8243; width=&#8221;100%&#8221; custom_margin=&#8221;0px||&#8221; custom_padding=&#8221;0px||50px&#8221; custom_css_before=&#8221;\t&#8221; custom_css_after=&#8221;\t&#8222;][et_pb_column type=&#8221;4_4&#8243; _builder_version=&#8221;3.25&#8243; custom_padding=&#8221;|||&#8221; custom_padding__hover=&#8221;|||&#8221;][et_pb_video src=&#8221;https:\/\/youtu.be\/2Mje3cOScOs&#8221; image_src=&#8221;\/\/i.ytimg.com\/vi\/2Mje3cOScOs\/hqdefault.jpg&#8221; thumbnail_overlay_color=&#8221;rgba(0,0,0,0.6)&#8221; admin_label=&#8221;orthograph survey&#8221; _builder_version=&#8221;3.24.1&#8243; width=&#8221;100%&#8221; max_width=&#8221;800px&#8221; module_alignment=&#8221;center&#8221; custom_margin=&#8221;30px||&#8221; custom_padding=&#8221;||&#8221; custom_css_main_element=&#8221;border: 0px solid #272e38;&#8221; custom_css_video_icon=&#8221;margin-top: -15%;&#8221;][\/et_pb_video][\/et_pb_column][\/et_pb_row][\/et_pb_section][et_pb_section fb_built=&#8221;1&#8243; _builder_version=&#8221;3.24.1&#8243; background_color=&#8221;#272e38&#8243; custom_margin=&#8221;0px||0px&#8221; custom_padding=&#8221;0px||0px&#8221;][et_pb_row _builder_version=&#8221;3.25&#8243; custom_margin=&#8221;0px||0px&#8221; custom_padding=&#8221;0px||0px&#8221;][et_pb_column type=&#8221;4_4&#8243; _builder_version=&#8221;3.25&#8243; custom_padding=&#8221;|||&#8221; custom_padding__hover=&#8221;|||&#8221;][et_pb_text _builder_version=&#8221;3.27.4&#8243; max_width=&#8221;650px&#8221; module_alignment=&#8221;center&#8221; custom_margin=&#8221;0px||0px&#8221; custom_padding=&#8221;50px||50px&#8221;]<\/p>\n<p style=\"text-align: justify;\"><span style=\"color: #efefef;\">K\u00e9pzelj\u00fck el p\u00e9ld\u00e1ul <strong><span class=\"highlightred\">a BIM model<\/span><\/strong> megoszt\u00e1s\u00e1t a b\u00e9rl\u0151knek, hibabejelent\u00e9shez. Ezzel jelent\u0151sen felgyors\u00edthat\u00f3 a folyamat, \u00e9s megsp\u00f3rolhat\u00f3ak a kellmetlen, pontatlan \u00e9s hosszadalmas helymeghat\u00e1roz\u00e1si pr\u00f3b\u00e1lkoz\u00e1sok, hiszen vil\u00e1gosan meghat\u00e1rozhat\u00f3 hogy hol, \u00e9s mely eszk\u00f6zzel van a probl\u00e9ma.<\/span><\/p>\n<p>[\/et_pb_text][\/et_pb_column][\/et_pb_row][\/et_pb_section][et_pb_section fb_built=&#8221;1&#8243; _builder_version=&#8221;3.24.1&#8243; background_color=&#8221;#ffffff&#8221; background_position=&#8221;bottom_left&#8221; custom_margin=&#8221;0px||0px&#8221; custom_padding=&#8221;0px||50px&#8221; animation_direction=&#8221;bottom&#8221; z_index=&#8221;0&#8243; border_color_bottom=&#8221;#efefef&#8221;][et_pb_row _builder_version=&#8221;3.25&#8243; custom_margin=&#8221;0px||&#8221; custom_padding=&#8221;0px||&#8221;][et_pb_column type=&#8221;4_4&#8243; _builder_version=&#8221;3.25&#8243; custom_padding=&#8221;|||&#8221; custom_padding__hover=&#8221;|||&#8221;][et_pb_text _builder_version=&#8221;3.27.4&#8243; max_width=&#8221;650px&#8221; module_alignment=&#8221;center&#8221; custom_margin=&#8221;||&#8221; custom_padding=&#8221;30px||&#8221;]<\/p>\n<p style=\"text-align: justify;\">Vonalk\u00f3dok seg\u00edts\u00e9g\u00e9vel is seg\u00edthet\u0151 a karbantart\u00f3 koll\u00e9g\u00e1k elem azonos\u00edt\u00e1sa, ami j\u00f3l haszn\u00e1lhat\u00f3 mind a karbantart\u00e1si pont azonos\u00edt\u00e1s\u00e1hoz, mind a munka lejelent\u00e9s\u00e9hez. Ennek seg\u00edts\u00e9g\u00e9vel automatikusan megjelennek a v\u00e1ltoz\u00e1sok mind az OrthoGraph BIM modellben, mind a kpcsol\u00f3d\u00f3 integr\u00e1lt rendszer(ek)ben.<\/p>\n<p>[\/et_pb_text][\/et_pb_column][\/et_pb_row][\/et_pb_section][et_pb_section fb_built=&#8221;1&#8243; _builder_version=&#8221;3.24.1&#8243; background_color=&#8221;#272e38&#8243; background_size=&#8221;contain&#8221; background_position=&#8221;bottom_left&#8221; custom_margin=&#8221;0px|0px|0px|0px&#8221; custom_padding=&#8221;0px|0px|100px|0px&#8221; top_divider_height=&#8221;0px&#8221; z_index=&#8221;0&#8243; global_module=&#8221;2900&#8243; saved_tabs=&#8221;all&#8221;][et_pb_row _builder_version=&#8221;3.25&#8243; max_width=&#8221;2560px&#8221;][et_pb_column type=&#8221;4_4&#8243; _builder_version=&#8221;3.25&#8243; custom_padding=&#8221;|||&#8221; custom_padding__hover=&#8221;|||&#8221;][et_pb_text _builder_version=&#8221;3.27.4&#8243; custom_margin=&#8221;50px|||0px&#8221; inline_fonts=&#8221;Titillium Web&#8221;]<\/p>\n<h3 style=\"text-align: left;\"><a id=\"contactanchor\"><\/a><span style=\"color: #ffffff;\">l\u00e9pjen kapcsolatba vel\u00fcnk<\/span><\/h3>\n<p>[\/et_pb_text][\/et_pb_column][\/et_pb_row][et_pb_row column_structure=&#8221;2_5,3_5&#8243; _builder_version=&#8221;3.25&#8243; max_width=&#8221;2560px&#8221;][et_pb_column type=&#8221;2_5&#8243; _builder_version=&#8221;3.25&#8243; custom_padding=&#8221;|||&#8221; custom_padding__hover=&#8221;|||&#8221;][et_pb_contact_form use_spam_service=&#8221;on&#8221; recaptcha_list=&#8221;OrthoGraph Enterprise-0&#8243; recaptcha_min_score=&#8221;0.7&#8243; email=&#8221;info@orthograph.com&#8221; custom_message=&#8221;\u00daj \u00fczenet t\u0151le: ||et_pb_line_break_holder||%%email%% &#8211; %%name%%||et_pb_line_break_holder||||et_pb_line_break_holder||Message:||et_pb_line_break_holder||%%message%%&#8221; success_message=&#8221;K\u00f6sz\u00f6nj\u00fck, hogy felvette vel\u00fcnk a kapcsolatot.&#8221; submit_button_text=&#8221;K\u00fcld\u00e9s&#8221; module_id=&#8221;et_pb_contact_form_0&#8243; _builder_version=&#8221;4.0.11&#8243; title_font=&#8221;||||||||&#8221; title_text_color=&#8221;#ffffff&#8221; captcha_font=&#8221;Titillium Web||||||||&#8221; captcha_text_color=&#8221;#ffffff&#8221; captcha_font_size=&#8221;18px&#8221; form_field_font=&#8221;Titillium Web||||||||&#8221; background_color=&#8221;rgba(0,0,0,0)&#8221; custom_button=&#8221;on&#8221; button_text_size=&#8221;18px&#8221; button_text_color=&#8221;#ffffff&#8221; button_bg_color=&#8221;#5c4994&#8243; button_border_width=&#8221;0px&#8221; button_border_radius=&#8221;10px&#8221; button_font=&#8221;Titillium Web||||||||&#8221; button_icon_placement=&#8221;left&#8221; button_custom_margin=&#8221;5px||&#8221; button_custom_padding=&#8221;5px||&#8221; custom_margin=&#8221;|||&#8221; custom_padding=&#8221;|||&#8221; custom_css_main_element=&#8221; padding-bottom: 30px;&#8221; border_radii=&#8221;on|10px|10px|10px|10px&#8221; border_color_bottom=&#8221;#5c4994&#8243;][et_pb_contact_field field_id=&#8221;Name&#8221; field_title=&#8221;N\u00e9v&#8221; fullwidth_field=&#8221;on&#8221; _builder_version=&#8221;3.24.1&#8243; form_field_background_color=&#8221;#52565b&#8221; form_field_text_color=&#8221;#1d232c&#8221; form_field_font=&#8221;Titillium Web|700|||||||&#8221; background_color=&#8221;rgba(0,0,0,0)&#8221; border_radii=&#8221;on|10px|10px|10px|10px&#8221; button_text_size__hover_enabled=&#8221;off&#8221; button_one_text_size__hover_enabled=&#8221;off&#8221; button_two_text_size__hover_enabled=&#8221;off&#8221; button_text_color__hover_enabled=&#8221;off&#8221; button_one_text_color__hover_enabled=&#8221;off&#8221; button_two_text_color__hover_enabled=&#8221;off&#8221; button_border_width__hover_enabled=&#8221;off&#8221; button_one_border_width__hover_enabled=&#8221;off&#8221; button_two_border_width__hover_enabled=&#8221;off&#8221; button_border_color__hover_enabled=&#8221;off&#8221; button_one_border_color__hover_enabled=&#8221;off&#8221; button_two_border_color__hover_enabled=&#8221;off&#8221; button_border_radius__hover_enabled=&#8221;off&#8221; button_one_border_radius__hover_enabled=&#8221;off&#8221; button_two_border_radius__hover_enabled=&#8221;off&#8221; button_letter_spacing__hover_enabled=&#8221;off&#8221; button_one_letter_spacing__hover_enabled=&#8221;off&#8221; button_two_letter_spacing__hover_enabled=&#8221;off&#8221; button_bg_color__hover_enabled=&#8221;off&#8221; button_one_bg_color__hover_enabled=&#8221;off&#8221; button_two_bg_color__hover_enabled=&#8221;off&#8221;][\/et_pb_contact_field][et_pb_contact_field field_id=&#8221;Email&#8221; field_title=&#8221;e-mail&#8221; field_type=&#8221;email&#8221; fullwidth_field=&#8221;on&#8221; _builder_version=&#8221;3.24.1&#8243; form_field_background_color=&#8221;#52565b&#8221; form_field_text_color=&#8221;#1d232c&#8221; form_field_font=&#8221;Titillium Web|700|||||||&#8221; button_text_size__hover_enabled=&#8221;off&#8221; button_one_text_size__hover_enabled=&#8221;off&#8221; button_two_text_size__hover_enabled=&#8221;off&#8221; button_text_color__hover_enabled=&#8221;off&#8221; button_one_text_color__hover_enabled=&#8221;off&#8221; button_two_text_color__hover_enabled=&#8221;off&#8221; button_border_width__hover_enabled=&#8221;off&#8221; button_one_border_width__hover_enabled=&#8221;off&#8221; button_two_border_width__hover_enabled=&#8221;off&#8221; button_border_color__hover_enabled=&#8221;off&#8221; button_one_border_color__hover_enabled=&#8221;off&#8221; button_two_border_color__hover_enabled=&#8221;off&#8221; button_border_radius__hover_enabled=&#8221;off&#8221; button_one_border_radius__hover_enabled=&#8221;off&#8221; button_two_border_radius__hover_enabled=&#8221;off&#8221; button_letter_spacing__hover_enabled=&#8221;off&#8221; button_one_letter_spacing__hover_enabled=&#8221;off&#8221; button_two_letter_spacing__hover_enabled=&#8221;off&#8221; button_bg_color__hover_enabled=&#8221;off&#8221; button_one_bg_color__hover_enabled=&#8221;off&#8221; button_two_bg_color__hover_enabled=&#8221;off&#8221;][\/et_pb_contact_field][et_pb_contact_field field_id=&#8221;Message&#8221; field_title=&#8221;\u00cdrja be az \u00fczenet\u00e9t&#8230;&#8221; field_type=&#8221;text&#8221; fullwidth_field=&#8221;on&#8221; _builder_version=&#8221;3.24.1&#8243; form_field_background_color=&#8221;#52565b&#8221; form_field_text_color=&#8221;#1d232c&#8221; form_field_font=&#8221;Titillium Web|700|||||||&#8221; button_text_size__hover_enabled=&#8221;off&#8221; button_one_text_size__hover_enabled=&#8221;off&#8221; button_two_text_size__hover_enabled=&#8221;off&#8221; button_text_color__hover_enabled=&#8221;off&#8221; button_one_text_color__hover_enabled=&#8221;off&#8221; button_two_text_color__hover_enabled=&#8221;off&#8221; button_border_width__hover_enabled=&#8221;off&#8221; button_one_border_width__hover_enabled=&#8221;off&#8221; button_two_border_width__hover_enabled=&#8221;off&#8221; button_border_color__hover_enabled=&#8221;off&#8221; button_one_border_color__hover_enabled=&#8221;off&#8221; button_two_border_color__hover_enabled=&#8221;off&#8221; button_border_radius__hover_enabled=&#8221;off&#8221; button_one_border_radius__hover_enabled=&#8221;off&#8221; button_two_border_radius__hover_enabled=&#8221;off&#8221; button_letter_spacing__hover_enabled=&#8221;off&#8221; button_one_letter_spacing__hover_enabled=&#8221;off&#8221; button_two_letter_spacing__hover_enabled=&#8221;off&#8221; button_bg_color__hover_enabled=&#8221;off&#8221; button_one_bg_color__hover_enabled=&#8221;off&#8221; button_two_bg_color__hover_enabled=&#8221;off&#8221;][\/et_pb_contact_field][\/et_pb_contact_form][et_pb_button button_url=&#8221;http:\/\/www.orthograph.com\/newsletter\/?p=subscribe&amp;id=1&#8243; url_new_window=&#8221;on&#8221; button_text=&#8221;Feliratkoz\u00e1s&#8221; _builder_version=&#8221;3.24.1&#8243; custom_button=&#8221;on&#8221; button_text_color=&#8221;#ffffff&#8221; button_bg_color=&#8221;#5c4994&#8243; button_border_width=&#8221;0px&#8221; button_border_radius=&#8221;10px&#8221; button_font=&#8221;||||||||&#8221; background_layout=&#8221;dark&#8221; custom_css_main_element=&#8221;float: left !important; width: auto !important; margin: 0 !important; margin-right: 5px !important;&#8221;][\/et_pb_button][et_pb_text _builder_version=&#8221;3.27.4&#8243; custom_margin=&#8221;0px||0px&#8221; custom_padding=&#8221;0px||0px&#8221; custom_css_main_element=&#8221;float: left !important; width: auto !important; margin: 0 !important; padding-top: 14px !important; padding-left: 2px !important;&#8221;]<\/p>\n<h2 style=\"color: white; font-size: 20px;\"> h\u00edrlev\u00e9l<\/h2>\n<p>[\/et_pb_text][\/et_pb_column][et_pb_column type=&#8221;3_5&#8243; _builder_version=&#8221;3.25&#8243; custom_padding=&#8221;|||&#8221; custom_padding__hover=&#8221;|||&#8221;][et_pb_map address=&#8221;Budapest, Polg\u00e1r u., 1033 Hungary&#8221; address_lat=&#8221;47.541574&#8243; address_lng=&#8221;19.043379&#8243; use_grayscale_filter=&#8221;on&#8221; grayscale_filter_amount=&#8221;35px&#8221; _builder_version=&#8221;3.24.1&#8243; background_color=&#8221;#22304d&#8221; min_height=&#8221;430px&#8221; height=&#8221;100%&#8221; child_filter_hue_rotate=&#8221;176deg&#8221;][et_pb_map_pin title=&#8221;OrthoGraph&#8221; pin_address=&#8221;Budapest, Polg\u00e1r u. 8, 1033 Hungary&#8221; pin_address_lat=&#8221;47.5413089&#8243; pin_address_lng=&#8221;19.0431632&#8243; _builder_version=&#8221;3.24.1&#8243;][\/et_pb_map_pin][\/et_pb_map][\/et_pb_column][\/et_pb_row][et_pb_row column_structure=&#8221;1_5,1_5,1_5,1_5,1_5&#8243; _builder_version=&#8221;3.25&#8243; max_width=&#8221;2560px&#8221; border_width_top=&#8221;2px&#8221; border_color_top=&#8221;#5c4994&#8243;][et_pb_column type=&#8221;1_5&#8243; _builder_version=&#8221;3.25&#8243; custom_padding=&#8221;|||&#8221; custom_padding__hover=&#8221;|||&#8221;][et_pb_image src=&#8221;https:\/\/enterprise.orthograph.net\/wp-content\/uploads\/2019\/06\/og_enterprise_logo.png&#8221; _builder_version=&#8221;3.24.1&#8243;][\/et_pb_image][\/et_pb_column][et_pb_column type=&#8221;1_5&#8243; _builder_version=&#8221;3.25&#8243; custom_padding=&#8221;|||&#8221; custom_padding__hover=&#8221;|||&#8221;][\/et_pb_column][et_pb_column type=&#8221;1_5&#8243; _builder_version=&#8221;3.25&#8243; custom_padding=&#8221;|||&#8221; custom_padding__hover=&#8221;|||&#8221;][et_pb_text _builder_version=&#8221;3.27.4&#8243; custom_margin=&#8221;0px|0px|0px|0px&#8221; custom_padding=&#8221;0px|0px|0px|0px&#8221; link_option_url=&#8221;https:\/\/www.youtube.com\/channel\/UCMWw23Mb8a8aAjpeiMNOmHA&#8221;]<\/p>\n<p style=\"font-size: 20px; color: #ffffff; font-family: 'Titillium Web',Helvetica, Arial, Lucida, sans-serif; text-align: left;\">L\u00e9pjen kapcsolatba vel\u00fcnk<\/p>\n<p>[\/et_pb_text][et_pb_button button_url=&#8221;https:\/\/www.youtube.com\/channel\/UCMWw23Mb8a8aAjpeiMNOmHA&#8221; button_text=&#8221;YouTube&#8221; button_alignment=&#8221;left&#8221; _builder_version=&#8221;3.24.1&#8243; custom_button=&#8221;on&#8221; button_text_size=&#8221;16px&#8221; button_text_color=&#8221;#ffffff&#8221; button_border_width=&#8221;0px&#8221; button_border_radius=&#8221;0px&#8221; button_font=&#8221;Titillium Web||||||||&#8221; button_icon=&#8221;%%307%%&#8221; button_icon_placement=&#8221;left&#8221; button_on_hover=&#8221;off&#8221; custom_margin=&#8221;5px|0px|5px|20px&#8221; custom_padding=&#8221;0px|0px|0px|0px&#8221; button_icon_tablet=&#8221;&#8221; button_icon_phone=&#8221;&#8221; button_icon_last_edited=&#8221;on|desktop&#8221;][\/et_pb_button][et_pb_button button_url=&#8221;https:\/\/twitter.com\/orthograph&#8221; button_text=&#8221;twitter&#8221; button_alignment=&#8221;left&#8221; _builder_version=&#8221;3.24.1&#8243; custom_button=&#8221;on&#8221; button_text_size=&#8221;16px&#8221; button_text_color=&#8221;#ffffff&#8221; button_border_width=&#8221;0px&#8221; button_border_radius=&#8221;0px&#8221; button_font=&#8221;Titillium Web||||||||&#8221; button_icon=&#8221;%%292%%&#8221; button_icon_placement=&#8221;left&#8221; button_on_hover=&#8221;off&#8221; custom_margin=&#8221;5px|0px|5px|20px&#8221; custom_padding=&#8221;0px|0px|0px|0px&#8221; button_icon_tablet=&#8221;&#8221; button_icon_phone=&#8221;&#8221; button_icon_last_edited=&#8221;on|desktop&#8221;][\/et_pb_button][et_pb_button button_url=&#8221;https:\/\/www.facebook.com\/OrthoGraphSoftware\/&#8221; button_text=&#8221;facebook&#8221; button_alignment=&#8221;left&#8221; _builder_version=&#8221;3.24.1&#8243; custom_button=&#8221;on&#8221; button_text_size=&#8221;16px&#8221; button_text_color=&#8221;#ffffff&#8221; button_border_width=&#8221;0px&#8221; button_border_radius=&#8221;0px&#8221; button_font=&#8221;Titillium Web||||||||&#8221; button_icon=&#8221;%%291%%&#8221; button_icon_placement=&#8221;left&#8221; button_on_hover=&#8221;off&#8221; custom_margin=&#8221;5px|0px|5px|20px&#8221; custom_padding=&#8221;0px|0px|0px|0px&#8221; button_icon_tablet=&#8221;&#8221; button_icon_phone=&#8221;&#8221; button_icon_last_edited=&#8221;on|desktop&#8221;][\/et_pb_button][et_pb_button button_url=&#8221;https:\/\/www.linkedin.com\/company\/orthograph-ltd-&#8221; button_text=&#8221;linkedin&#8221; button_alignment=&#8221;left&#8221; _builder_version=&#8221;3.24.1&#8243; custom_button=&#8221;on&#8221; button_text_size=&#8221;16px&#8221; button_text_color=&#8221;#ffffff&#8221; button_border_width=&#8221;0px&#8221; button_border_radius=&#8221;0px&#8221; button_font=&#8221;Titillium Web||||||||&#8221; button_icon=&#8221;%%301%%&#8221; button_icon_placement=&#8221;left&#8221; button_on_hover=&#8221;off&#8221; custom_margin=&#8221;5px|0px|5px|20px&#8221; custom_padding=&#8221;0px|0px|0px|0px&#8221; button_icon_tablet=&#8221;&#8221; button_icon_phone=&#8221;&#8221; button_icon_last_edited=&#8221;on|desktop&#8221;][\/et_pb_button][\/et_pb_column][et_pb_column type=&#8221;1_5&#8243; _builder_version=&#8221;3.25&#8243; custom_padding=&#8221;|||&#8221; custom_padding__hover=&#8221;|||&#8221;][et_pb_text _builder_version=&#8221;3.27.4&#8243; custom_margin=&#8221;0px|0px|10px|0px&#8221; custom_padding=&#8221;0px|0px|0px|0px&#8221;]<\/p>\n<p style=\"font-size: 20px; color: #ffffff; font-family: 'Titillium Web',Helvetica, Arial, Lucida, sans-serif; text-align: left;\">L\u00e9pjen kapcsolatba vel\u00fcnk<\/p>\n<p>[\/et_pb_text][et_pb_text _builder_version=&#8221;3.27.4&#8243; custom_margin=&#8221;10px|0px|10px|0px&#8221; custom_padding=&#8221;0px|0px|0px|0px&#8221;]<\/p>\n<p style=\"font-size: 16px; color: #ffffff; font-family: 'Titillium Web',Helvetica, Arial, Lucida, sans-serif; text-align: left;\">&#8216;E&#8217; \u00e9p\u00fclet, 2. emelet,<br \/>Polg\u00e1r utca 8-10,<br \/>Budapest<br \/>1033<\/p>\n<p>[\/et_pb_text][et_pb_text _builder_version=&#8221;3.27.4&#8243; custom_margin=&#8221;10px|0px|10px|0px&#8221; custom_padding=&#8221;0px|0px|0px|0px&#8221;]<\/p>\n<p style=\"font-size: 16px; color: #ffffff; font-family: 'Titillium Web',Helvetica, Arial, Lucida, sans-serif; text-align: left;\"><a style=\"color: white !important;\" href=\"mailto:info@orthograph.net\">info@orthograph.net<a><\/p>\n<p>[\/et_pb_text][et_pb_text _builder_version=&#8221;3.27.4&#8243; custom_margin=&#8221;10px|0px|10px|0px&#8221; custom_padding=&#8221;0px|0px|0px|0px&#8221;]<\/p>\n<p style=\"font-size: 16px; color: #ffffff; font-family: 'Titillium Web',Helvetica, Arial, Lucida, sans-serif; text-align: left;\">(+36 1) 999 0122<\/p>\n<p>[\/et_pb_text][\/et_pb_column][et_pb_column type=&#8221;1_5&#8243; _builder_version=&#8221;3.25&#8243; custom_padding=&#8221;|||&#8221; custom_padding__hover=&#8221;|||&#8221;][et_pb_text _builder_version=&#8221;3.27.4&#8243; custom_margin=&#8221;0px|0px|10px|0px&#8221; custom_padding=&#8221;0px|0px|0px|0px&#8221;]<\/p>\n<p style=\"font-size: 20px; color: #ffffff; font-family: 'Titillium Web',Helvetica, Arial, Lucida, sans-serif; text-align: left;\">Tov\u00e1bbi oldalaink<\/p>\n<p>[\/et_pb_text][et_pb_text _builder_version=&#8221;3.27.4&#8243; custom_margin=&#8221;0px|0px|8px|0px&#8221; custom_padding=&#8221;0px|0px|0px|0px&#8221;]<\/p>\n<p style=\"font-size: 16px; color: #ffffff; font-family: 'Titillium Web',Helvetica, Arial, Lucida, sans-serif; text-align: left;\">Oktat\u00e1s<\/p>\n<p>[\/et_pb_text][et_pb_text _builder_version=&#8221;3.27.4&#8243; custom_margin=&#8221;0px|0px|8px|0px&#8221; custom_padding=&#8221;0px|0px|0px|0px&#8221;]<\/p>\n<p style=\"font-size: 16px; color: #ffffff; font-family: 'Titillium Web',Helvetica, Arial, Lucida, sans-serif; text-align: left;\">Gyors felm\u00e9r\u00e9si m\u00f3dszertan<\/p>\n<p>[\/et_pb_text][et_pb_text _builder_version=&#8221;3.27.4&#8243; custom_margin=&#8221;0px|0px|8px|0px&#8221; custom_padding=&#8221;0px|0px|0px|0px&#8221;]<\/p>\n<p style=\"font-size: 16px; color: #ffffff; font-family: 'Titillium Web',Helvetica, Arial, Lucida, sans-serif; text-align: left;\">Orthograph az \u00e9p\u00edtkez\u00e9sen<\/p>\n<p>[\/et_pb_text][et_pb_text _builder_version=&#8221;3.27.4&#8243; custom_margin=&#8221;0px|0px|7px|0px&#8221; custom_padding=&#8221;0px|0px|0px|0px&#8221;]<\/p>\n<p style=\"font-size: 16px; color: #ffffff; font-family: 'Titillium Web',Helvetica, Arial, Lucida, sans-serif; text-align: left;\">T\u00f6rt\u00e9nelmi \u00e9p\u00fcletek felm\u00e9r\u00e9se<\/p>\n<p>[\/et_pb_text][\/et_pb_column][\/et_pb_row][\/et_pb_section]<\/p>\n","protected":false},"excerpt":{"rendered":"<p>Meghib\u00e1sod\u00e1s kezel\u00e9sEgy grafikus BIM modell \u00e9rt\u00e9k mind az \u00e9p\u00fclet tulajdonos\u00e1nak, mind az \u00fczemeltet\u0151j\u00e9nek, r\u00e1ad\u00e1sul a b\u00e9rbead\u00f3 sz\u00e1m\u00e1ra versenyel\u0151nyt jelentenek az \u00e1ltala el\u00e9rhet\u0151 b\u00e9rl\u0151k fel\u00e9 ny\u00fajtott szolg\u00e1ltat\u00e1sok.Az OrthoGraph Public Viewer egy olyan web funkcionalit\u00e1s, aminek seg\u00edts\u00e9g\u00e9vel b\u00e1rki megtekintheti az OrthoGraph 3D BIM modellt, \u00e9s egy kattint\u00e1ssal elind\u00edthat egy, az \u00fczemeltet\u0151 \u00e1ltal meghat\u00e1rozott funkci\u00f3t. Ez az ind\u00edt\u00e1s [&hellip;]<\/p>\n","protected":false},"author":3,"featured_media":0,"parent":0,"menu_order":0,"comment_status":"closed","ping_status":"closed","template":"","meta":{"_et_pb_use_builder":"on","_et_pb_old_content":"","_et_gb_content_width":"","footnotes":""},"class_list":["post-6827","page","type-page","status-publish","hentry"],"aioseo_notices":[],"_links":{"self":[{"href":"https:\/\/www.orthograph.com\/hu\/wp-json\/wp\/v2\/pages\/6827","targetHints":{"allow":["GET"]}}],"collection":[{"href":"https:\/\/www.orthograph.com\/hu\/wp-json\/wp\/v2\/pages"}],"about":[{"href":"https:\/\/www.orthograph.com\/hu\/wp-json\/wp\/v2\/types\/page"}],"author":[{"embeddable":true,"href":"https:\/\/www.orthograph.com\/hu\/wp-json\/wp\/v2\/users\/3"}],"replies":[{"embeddable":true,"href":"https:\/\/www.orthograph.com\/hu\/wp-json\/wp\/v2\/comments?post=6827"}],"version-history":[{"count":0,"href":"https:\/\/www.orthograph.com\/hu\/wp-json\/wp\/v2\/pages\/6827\/revisions"}],"wp:attachment":[{"href":"https:\/\/www.orthograph.com\/hu\/wp-json\/wp\/v2\/media?parent=6827"}],"curies":[{"name":"wp","href":"https:\/\/api.w.org\/{rel}","templated":true}]}}